{"id":3382,"date":"2022-11-11T08:32:20","date_gmt":"2022-11-11T08:32:20","guid":{"rendered":"https:\/\/aparthotelsalburua.com\/consentimiento-para-el-tratamiento-de-datos-personales\/"},"modified":"2023-10-13T09:06:07","modified_gmt":"2023-10-13T09:06:07","slug":"consent-personal-data","status":"publish","type":"page","link":"https:\/\/aparthotelsalburua.com\/en\/consent-personal-data\/","title":{"rendered":"Consent to the processing of personal data"},"content":{"rendered":"<div class=\"wpb-content-wrapper\"><p>[vc_row el_class=&#8221;bg-gris-claro&#8221;][vc_column][vc_row_inner][vc_column_inner][vc_column_text]<\/p>\n<div class=\"page\" title=\"Page 1\">\n<div class=\"layoutArea\">\n<div class=\"column\">\n<h3>CONSENT TO THE PROCESSING OF PERSONAL DATA<\/h3>\n<p>DERIVADOS DE LA MECANIZACION SL is responsible for the processing of the User&#8217;s personal data and informs you that this data will be processed in accordance with the provisions of Regulation (EU) 2016\/679, of 27 April (GDPR), and Organic Law 3\/2018, of 5 December (LOPDGDD), for which the following information on processing is provided:<\/p>\n<p>Purposes and legitimacy of the processing: maintaining a commercial relationship (for the legitimate interest of the data controller, art. 6.1.f GDPR) and sending communications of products or services (with the consent of the data subject, art. 6.1.a GDPR).<\/p>\n<p>Data retention criteria: data will be retained for no longer than is necessary to maintain the purpose of the processing or there are legal prescriptions dictating their safekeeping and when no longer necessary for that purpose, they will be deleted with appropriate security measures to ensure the anonymisation of the data or their total destruction.<\/p>\n<p>Communication of data: data will not be communicated to third parties, unless legally obliged to do so.<\/p>\n<p>Rights of the User:<br \/>\n&#8211; Right to withdraw consent at any time.<br \/>\n&#8211; Right of access, rectification, portability and deletion of their data, and to limit or oppose its processing.<br \/>\n&#8211; The right to lodge a complaint with the supervisory authority (www.aepd.es) if he\/she considers that the processing does not comply with the regulations in force.<\/p>\n<p>Contact details to exercise your rights:<br \/>\nDERIVADOS DE LA MECANIZACION SL. C\/ VITORIALANDA, 9, &#8211; 01010 VITORIA (\u00c1lava). E-mail: ADMINISTRACION@DEMECA.ES<\/p>\n<p>To continue you must accept that you have read and agree with the previous clause.<\/p>\n<\/div>\n<\/div>\n<\/div>\n<p>[\/vc_column_text][vc_column_text]DERIVADOS DE LA MECANIZACION SL es el Responsable del tratamiento de los datos personales del Usuario y le informa de que estos datos se tratar\u00e1n de conformidad con lo dispuesto en el Reglamento (UE) 2016\/679, de 27 de abril (GDPR), y la Ley Org\u00e1nica 3\/2018, de 5 de diciembre (LOPDGDD), por lo que se le facilita la siguiente informaci\u00f3n del tratamiento:<\/p>\n<p>Fines y legitimaci\u00f3n del tratamiento: mantener una relaci\u00f3n comercial (por inter\u00e9s leg\u00edtimo del responsable, art. 6.1.f GDPR) y env\u00edo de comunicaciones de productos o servicios (con el consentimiento del interesado, art. 6.1.a GDPR).<\/p>\n<p>Criterios de conservaci\u00f3n de los datos: se conservar\u00e1n durante no m\u00e1s tiempo del necesario para mantener el fin del tratamiento o existan prescripciones legales que dictaminen su custodia y cuando ya no sea necesario para ello, se suprimir\u00e1n con medidas de seguridad adecuadas para garantizar la anonimizaci\u00f3n de los datos o la destrucci\u00f3n total de los mismos.<\/p>\n<p>Comunicaci\u00f3n de los datos: no se comunicar\u00e1n los datos a terceros, salvo obligaci\u00f3n legal.<\/p>\n<h3 style=\"text-align: left;\">Derechos que asisten al Usuario:<\/h3>\n<ul>\n<li>Derecho a retirar el consentimiento en cualquier momento.<\/li>\n<li>Derecho de acceso, rectificaci\u00f3n, portabilidad y supresi\u00f3n de sus datos, y de limitaci\u00f3n u oposici\u00f3n a su tratamiento.<\/li>\n<li>Derecho a presentar una reclamaci\u00f3n ante la Autoridad de control (www.aepd.es) si considera que el tratamiento no se ajusta a la normativa vigente.<\/li>\n<\/ul>\n<h3 style=\"text-align: left;\">Datos de contacto para ejercer sus derechos:<\/h3>\n<p>DERIVADOS DE LA MECANIZACION SL C\/ Vitorialanda, 9, \u2013 01010 VITORIA (\u00c1lava). E-mail: <a href=\"mailto:administracion@demeca.es\">administracion@demeca.es<\/a><\/p>\n<p>Para continuar debe aceptar que ha le\u00eddo y est\u00e1 conforme con la cl\u00e1usula anterior.[\/vc_column_text][\/vc_column_inner][\/vc_row_inner][\/vc_column][\/vc_row]<\/p>\n<\/div>","protected":false},"excerpt":{"rendered":"<p>[vc_row el_class=&#8221;bg-gris-claro&#8221;][vc_column][vc_row_inner][vc_column_inner][vc_column_text] CONSENT TO THE PROCESSING OF PERSONAL DATA DERIVADOS DE LA MECANIZACION SL is responsible for the processing of the User&#8217;s personal data and informs you that this data will be processed in accordance with the provisions of Regulation (EU) 2016\/679, of 27 April (GDPR), and Organic Law 3\/2018, of 5 December (LOPDGDD), for&#8230;<\/p>\n","protected":false},"author":1,"featured_media":0,"parent":0,"menu_order":0,"comment_status":"closed","ping_status":"closed","template":"plantilla_au_legal.php","meta":{"footnotes":""},"class_list":["post-3382","page","type-page","status-publish","hentry"],"yoast_head":"<!-- This site is optimized with the Yoast SEO plugin v27.2 - https:\/\/yoast.com\/product\/yoast-seo-wordpress\/ -->\n<title>Consent to the processing of personal data - Apartahotel Salburua<\/title>\n<meta name=\"robots\" content=\"index, follow, max-snippet:-1, max-image-preview:large, max-video-preview:-1\" \/>\n<link rel=\"canonical\" href=\"https:\/\/aparthotelsalburua.com\/en\/consent-personal-data\/\" \/>\n<meta property=\"og:locale\" content=\"en_US\" \/>\n<meta property=\"og:type\" content=\"article\" \/>\n<meta property=\"og:title\" content=\"Consent to the processing of personal data - Apartahotel Salburua\" \/>\n<meta property=\"og:description\" content=\"[vc_row el_class=&#8221;bg-gris-claro&#8221;][vc_column][vc_row_inner][vc_column_inner][vc_column_text] CONSENT TO THE PROCESSING OF PERSONAL DATA DERIVADOS DE LA MECANIZACION SL is responsible for the processing of the User&#8217;s personal data and informs you that this data will be processed in accordance with the provisions of Regulation (EU) 2016\/679, of 27 April (GDPR), and Organic Law 3\/2018, of 5 December (LOPDGDD), for...\" \/>\n<meta property=\"og:url\" content=\"https:\/\/aparthotelsalburua.com\/en\/consent-personal-data\/\" \/>\n<meta property=\"og:site_name\" content=\"Apartahotel Salburua\" \/>\n<meta property=\"article:modified_time\" content=\"2023-10-13T09:06:07+00:00\" \/>\n<meta name=\"twitter:card\" content=\"summary_large_image\" \/>\n<meta name=\"twitter:label1\" content=\"Est. reading time\" \/>\n\t<meta name=\"twitter:data1\" content=\"2 minutes\" \/>\n<script type=\"application\/ld+json\" class=\"yoast-schema-graph\">{\"@context\":\"https:\/\/schema.org\",\"@graph\":[{\"@type\":\"WebPage\",\"@id\":\"https:\/\/aparthotelsalburua.com\/en\/consent-personal-data\/\",\"url\":\"https:\/\/aparthotelsalburua.com\/en\/consent-personal-data\/\",\"name\":\"Consent to the processing of personal data - Apartahotel Salburua\",\"isPartOf\":{\"@id\":\"https:\/\/aparthotelsalburua.com\/es\/#website\"},\"datePublished\":\"2022-11-11T08:32:20+00:00\",\"dateModified\":\"2023-10-13T09:06:07+00:00\",\"breadcrumb\":{\"@id\":\"https:\/\/aparthotelsalburua.com\/en\/consent-personal-data\/#breadcrumb\"},\"inLanguage\":\"en-US\",\"potentialAction\":[{\"@type\":\"ReadAction\",\"target\":[\"https:\/\/aparthotelsalburua.com\/en\/consent-personal-data\/\"]}]},{\"@type\":\"BreadcrumbList\",\"@id\":\"https:\/\/aparthotelsalburua.com\/en\/consent-personal-data\/#breadcrumb\",\"itemListElement\":[{\"@type\":\"ListItem\",\"position\":1,\"name\":\"Portada\",\"item\":\"https:\/\/aparthotelsalburua.com\/en\/\"},{\"@type\":\"ListItem\",\"position\":2,\"name\":\"Consent to the processing of personal data\"}]},{\"@type\":\"WebSite\",\"@id\":\"https:\/\/aparthotelsalburua.com\/es\/#website\",\"url\":\"https:\/\/aparthotelsalburua.com\/es\/\",\"name\":\"Apartahotel Salburua\",\"description\":\"Apartahotel Salburua en Vitoria Gasteiz\",\"publisher\":{\"@id\":\"https:\/\/aparthotelsalburua.com\/es\/#organization\"},\"potentialAction\":[{\"@type\":\"SearchAction\",\"target\":{\"@type\":\"EntryPoint\",\"urlTemplate\":\"https:\/\/aparthotelsalburua.com\/es\/?s={search_term_string}\"},\"query-input\":{\"@type\":\"PropertyValueSpecification\",\"valueRequired\":true,\"valueName\":\"search_term_string\"}}],\"inLanguage\":\"en-US\"},{\"@type\":\"Organization\",\"@id\":\"https:\/\/aparthotelsalburua.com\/es\/#organization\",\"name\":\"Apartahotel Salburua\",\"url\":\"https:\/\/aparthotelsalburua.com\/es\/\",\"logo\":{\"@type\":\"ImageObject\",\"inLanguage\":\"en-US\",\"@id\":\"https:\/\/aparthotelsalburua.com\/es\/#\/schema\/logo\/image\/\",\"url\":\"https:\/\/aparthotelsalburua.com\/wp-content\/uploads\/2022\/11\/cropped-logo_aparthotelsalburua.png\",\"contentUrl\":\"https:\/\/aparthotelsalburua.com\/wp-content\/uploads\/2022\/11\/cropped-logo_aparthotelsalburua.png\",\"width\":194,\"height\":63,\"caption\":\"Apartahotel Salburua\"},\"image\":{\"@id\":\"https:\/\/aparthotelsalburua.com\/es\/#\/schema\/logo\/image\/\"}}]}<\/script>\n<!-- \/ Yoast SEO plugin. -->","yoast_head_json":{"title":"Consent to the processing of personal data - Apartahotel Salburua","robots":{"index":"index","follow":"follow","max-snippet":"max-snippet:-1","max-image-preview":"max-image-preview:large","max-video-preview":"max-video-preview:-1"},"canonical":"https:\/\/aparthotelsalburua.com\/en\/consent-personal-data\/","og_locale":"en_US","og_type":"article","og_title":"Consent to the processing of personal data - Apartahotel Salburua","og_description":"[vc_row el_class=&#8221;bg-gris-claro&#8221;][vc_column][vc_row_inner][vc_column_inner][vc_column_text] CONSENT TO THE PROCESSING OF PERSONAL DATA DERIVADOS DE LA MECANIZACION SL is responsible for the processing of the User&#8217;s personal data and informs you that this data will be processed in accordance with the provisions of Regulation (EU) 2016\/679, of 27 April (GDPR), and Organic Law 3\/2018, of 5 December (LOPDGDD), for...","og_url":"https:\/\/aparthotelsalburua.com\/en\/consent-personal-data\/","og_site_name":"Apartahotel Salburua","article_modified_time":"2023-10-13T09:06:07+00:00","twitter_card":"summary_large_image","twitter_misc":{"Est. reading time":"2 minutes"},"schema":{"@context":"https:\/\/schema.org","@graph":[{"@type":"WebPage","@id":"https:\/\/aparthotelsalburua.com\/en\/consent-personal-data\/","url":"https:\/\/aparthotelsalburua.com\/en\/consent-personal-data\/","name":"Consent to the processing of personal data - Apartahotel Salburua","isPartOf":{"@id":"https:\/\/aparthotelsalburua.com\/es\/#website"},"datePublished":"2022-11-11T08:32:20+00:00","dateModified":"2023-10-13T09:06:07+00:00","breadcrumb":{"@id":"https:\/\/aparthotelsalburua.com\/en\/consent-personal-data\/#breadcrumb"},"inLanguage":"en-US","potentialAction":[{"@type":"ReadAction","target":["https:\/\/aparthotelsalburua.com\/en\/consent-personal-data\/"]}]},{"@type":"BreadcrumbList","@id":"https:\/\/aparthotelsalburua.com\/en\/consent-personal-data\/#breadcrumb","itemListElement":[{"@type":"ListItem","position":1,"name":"Portada","item":"https:\/\/aparthotelsalburua.com\/en\/"},{"@type":"ListItem","position":2,"name":"Consent to the processing of personal data"}]},{"@type":"WebSite","@id":"https:\/\/aparthotelsalburua.com\/es\/#website","url":"https:\/\/aparthotelsalburua.com\/es\/","name":"Apartahotel Salburua","description":"Apartahotel Salburua en Vitoria Gasteiz","publisher":{"@id":"https:\/\/aparthotelsalburua.com\/es\/#organization"},"potentialAction":[{"@type":"SearchAction","target":{"@type":"EntryPoint","urlTemplate":"https:\/\/aparthotelsalburua.com\/es\/?s={search_term_string}"},"query-input":{"@type":"PropertyValueSpecification","valueRequired":true,"valueName":"search_term_string"}}],"inLanguage":"en-US"},{"@type":"Organization","@id":"https:\/\/aparthotelsalburua.com\/es\/#organization","name":"Apartahotel Salburua","url":"https:\/\/aparthotelsalburua.com\/es\/","logo":{"@type":"ImageObject","inLanguage":"en-US","@id":"https:\/\/aparthotelsalburua.com\/es\/#\/schema\/logo\/image\/","url":"https:\/\/aparthotelsalburua.com\/wp-content\/uploads\/2022\/11\/cropped-logo_aparthotelsalburua.png","contentUrl":"https:\/\/aparthotelsalburua.com\/wp-content\/uploads\/2022\/11\/cropped-logo_aparthotelsalburua.png","width":194,"height":63,"caption":"Apartahotel Salburua"},"image":{"@id":"https:\/\/aparthotelsalburua.com\/es\/#\/schema\/logo\/image\/"}}]}},"_links":{"self":[{"href":"https:\/\/aparthotelsalburua.com\/en\/wp-json\/wp\/v2\/pages\/3382","targetHints":{"allow":["GET"]}}],"collection":[{"href":"https:\/\/aparthotelsalburua.com\/en\/wp-json\/wp\/v2\/pages"}],"about":[{"href":"https:\/\/aparthotelsalburua.com\/en\/wp-json\/wp\/v2\/types\/page"}],"author":[{"embeddable":true,"href":"https:\/\/aparthotelsalburua.com\/en\/wp-json\/wp\/v2\/users\/1"}],"replies":[{"embeddable":true,"href":"https:\/\/aparthotelsalburua.com\/en\/wp-json\/wp\/v2\/comments?post=3382"}],"version-history":[{"count":2,"href":"https:\/\/aparthotelsalburua.com\/en\/wp-json\/wp\/v2\/pages\/3382\/revisions"}],"predecessor-version":[{"id":3384,"href":"https:\/\/aparthotelsalburua.com\/en\/wp-json\/wp\/v2\/pages\/3382\/revisions\/3384"}],"wp:attachment":[{"href":"https:\/\/aparthotelsalburua.com\/en\/wp-json\/wp\/v2\/media?parent=3382"}],"curies":[{"name":"wp","href":"https:\/\/api.w.org\/{rel}","templated":true}]}}