{"id":2546,"date":"2022-11-11T08:32:20","date_gmt":"2022-11-11T08:32:20","guid":{"rendered":"https:\/\/nireahotel.com\/?page_id=2546"},"modified":"2024-10-11T11:48:36","modified_gmt":"2024-10-11T11:48:36","slug":"consentimiento-para-el-tratamiento-de-datos-personales","status":"publish","type":"page","link":"https:\/\/aparthotelsalburua.com\/es\/consentimiento-para-el-tratamiento-de-datos-personales\/","title":{"rendered":"Consentimiento para el tratamiento de datos personales"},"content":{"rendered":"<div class=\"wpb-content-wrapper\"><p>[vc_row el_class=&#8221;bg-gris-claro&#8221;][vc_column][vc_row_inner][vc_column_inner][vc_column_text]<\/p>\n<div class=\"page\" title=\"Page 1\">\n<div class=\"layoutArea\">\n<div class=\"column\">\n<h3>CONSENTIMIENTO PARA EL TRATAMIENTO DE DATOS PERSONALES<\/h3>\n<p>DERIVADOS DE LA MECANIZACION SL es el Responsable del tratamiento de los datos personales del Usuario y le informa de que estos datos se tratara\u0301n de conformidad con lo dispuesto en el Reglamento (UE) 2016\/679, de 27 de abril (GDPR), y la Ley Orga\u0301nica 3\/2018, de 5 de diciembre (LOPDGDD), por lo que se le facilita la siguiente informacio\u0301n del tratamiento:<\/p>\n<p>Fines y legitimacio\u0301n del tratamiento: mantener una relacio\u0301n comercial (por intere\u0301s legi\u0301timo del responsable, art. 6.1.f GDPR) y envi\u0301o de comunicaciones de productos o servicios (con el consentimiento del interesado, art. 6.1.a GDPR).<\/p>\n<p>Criterios de conservacio\u0301n de los datos: se conservara\u0301n durante no ma\u0301s tiempo del necesario para mantener el fin del tratamiento o existan prescripciones legales que dictaminen su custodia y cuando ya no sea necesario para ello, se suprimira\u0301n con medidas de seguridad adecuadas para garantizar la anonimizacio\u0301n de los datos o la destruccio\u0301n total de los mismos.<\/p>\n<p>Comunicacio\u0301n de los datos: no se comunicara\u0301n los datos a terceros, salvo obligacio\u0301n legal.<\/p>\n<p>Derechos que asisten al Usuario:<br \/>\n&#8211; Derecho a retirar el consentimiento en cualquier momento.<br \/>\n&#8211; Derecho de acceso, rectificacio\u0301n, portabilidad y supresio\u0301n de sus datos, y de limitacio\u0301n u oposicio\u0301n a su tratamiento.<br \/>\n&#8211; Derecho a presentar una reclamacio\u0301n ante la Autoridad de control (www.aepd.es) si considera que el tratamiento no se ajusta a la normativa vigente.<\/p>\n<p>Datos de contacto para ejercer sus derechos:<br \/>\nDERIVADOS DE LA MECANIZACION SL. C\/ VITORIALANDA, 9, &#8211; 01010 VITORIA (A\u0301lava). E-mail: ADMINISTRACION@DEMECA.ES<\/p>\n<p>Para continuar debe aceptar que ha lei\u0301do y esta\u0301 conforme con la cla\u0301usula anterior.<\/p>\n<\/div>\n<\/div>\n<\/div>\n<p>[\/vc_column_text][vc_column_text]DERIVADOS DE LA MECANIZACION SL es el Responsable del tratamiento de los datos personales del Usuario y le informa de que estos datos se tratar\u00e1n de conformidad con lo dispuesto en el Reglamento (UE) 2016\/679, de 27 de abril (GDPR), y la Ley Org\u00e1nica 3\/2018, de 5 de diciembre (LOPDGDD), por lo que se le facilita la siguiente informaci\u00f3n del tratamiento:<\/p>\n<p>Fines y legitimaci\u00f3n del tratamiento: mantener una relaci\u00f3n comercial (por inter\u00e9s leg\u00edtimo del responsable, art. 6.1.f GDPR) y env\u00edo de comunicaciones de productos o servicios (con el consentimiento del interesado, art. 6.1.a GDPR).<\/p>\n<p>Criterios de conservaci\u00f3n de los datos: se conservar\u00e1n durante no m\u00e1s tiempo del necesario para mantener el fin del tratamiento o existan prescripciones legales que dictaminen su custodia y cuando ya no sea necesario para ello, se suprimir\u00e1n con medidas de seguridad adecuadas para garantizar la anonimizaci\u00f3n de los datos o la destrucci\u00f3n total de los mismos.<\/p>\n<p>Comunicaci\u00f3n de los datos: no se comunicar\u00e1n los datos a terceros, salvo obligaci\u00f3n legal.<\/p>\n<h3 style=\"text-align: left;\">Derechos que asisten al Usuario:<\/h3>\n<ul>\n<li>Derecho a retirar el consentimiento en cualquier momento.<\/li>\n<li>Derecho de acceso, rectificaci\u00f3n, portabilidad y supresi\u00f3n de sus datos, y de limitaci\u00f3n u oposici\u00f3n a su tratamiento.<\/li>\n<li>Derecho a presentar una reclamaci\u00f3n ante la Autoridad de control (www.aepd.es) si considera que el tratamiento no se ajusta a la normativa vigente.<\/li>\n<\/ul>\n<h3 style=\"text-align: left;\">Datos de contacto para ejercer sus derechos:<\/h3>\n<p>DERIVADOS DE LA MECANIZACION SL C\/ Vitorialanda, 9, \u2013 01010 VITORIA (\u00c1lava). E-mail: <a href=\"mailto:administracion@demeca.es\">administracion@demeca.es<\/a><\/p>\n<p>Para continuar debe aceptar que ha le\u00eddo y est\u00e1 conforme con la cl\u00e1usula anterior.[\/vc_column_text][\/vc_column_inner][\/vc_row_inner][\/vc_column][\/vc_row]<\/p>\n<\/div>","protected":false},"excerpt":{"rendered":"<p>[vc_row el_class=&#8221;bg-gris-claro&#8221;][vc_column][vc_row_inner][vc_column_inner][vc_column_text] CONSENTIMIENTO PARA EL TRATAMIENTO DE DATOS PERSONALES DERIVADOS DE LA MECANIZACION SL es el Responsable del tratamiento de los datos personales del Usuario y le informa de que estos datos se tratara\u0301n de conformidad con lo dispuesto en el Reglamento (UE) 2016\/679, de 27 de abril (GDPR), y la Ley Orga\u0301nica 3\/2018, de&#8230;<\/p>\n","protected":false},"author":1,"featured_media":0,"parent":0,"menu_order":0,"comment_status":"closed","ping_status":"closed","template":"plantilla_au_legal.php","meta":{"footnotes":""},"class_list":["post-2546","page","type-page","status-publish","hentry"],"yoast_head":"<!-- This site is optimized with the Yoast SEO plugin v27.2 - https:\/\/yoast.com\/product\/yoast-seo-wordpress\/ -->\n<title>Consentimiento para el tratamiento de datos personales - Apartahotel Salburua<\/title>\n<meta name=\"robots\" content=\"noindex, nofollow\" \/>\n<meta property=\"og:locale\" content=\"es_ES\" \/>\n<meta property=\"og:type\" content=\"article\" \/>\n<meta property=\"og:title\" content=\"Consentimiento para el tratamiento de datos personales - Apartahotel Salburua\" \/>\n<meta property=\"og:description\" content=\"[vc_row el_class=&#8221;bg-gris-claro&#8221;][vc_column][vc_row_inner][vc_column_inner][vc_column_text] CONSENTIMIENTO PARA EL TRATAMIENTO DE DATOS PERSONALES DERIVADOS DE LA MECANIZACION SL es el Responsable del tratamiento de los datos personales del Usuario y le informa de que estos datos se tratara\u0301n de conformidad con lo dispuesto en el Reglamento (UE) 2016\/679, de 27 de abril (GDPR), y la Ley Orga\u0301nica 3\/2018, de...\" \/>\n<meta property=\"og:url\" content=\"https:\/\/aparthotelsalburua.com\/es\/consentimiento-para-el-tratamiento-de-datos-personales\/\" \/>\n<meta property=\"og:site_name\" content=\"Apartahotel Salburua\" \/>\n<meta property=\"article:modified_time\" content=\"2024-10-11T11:48:36+00:00\" \/>\n<meta name=\"twitter:card\" content=\"summary_large_image\" \/>\n<meta name=\"twitter:label1\" content=\"Tiempo de lectura\" \/>\n\t<meta name=\"twitter:data1\" content=\"3 minutos\" \/>\n<script type=\"application\/ld+json\" class=\"yoast-schema-graph\">{\"@context\":\"https:\/\/schema.org\",\"@graph\":[{\"@type\":\"WebPage\",\"@id\":\"https:\/\/aparthotelsalburua.com\/es\/consentimiento-para-el-tratamiento-de-datos-personales\/\",\"url\":\"https:\/\/aparthotelsalburua.com\/es\/consentimiento-para-el-tratamiento-de-datos-personales\/\",\"name\":\"Consentimiento para el tratamiento de datos personales - Apartahotel Salburua\",\"isPartOf\":{\"@id\":\"https:\/\/aparthotelsalburua.com\/es\/#website\"},\"datePublished\":\"2022-11-11T08:32:20+00:00\",\"dateModified\":\"2024-10-11T11:48:36+00:00\",\"breadcrumb\":{\"@id\":\"https:\/\/aparthotelsalburua.com\/es\/consentimiento-para-el-tratamiento-de-datos-personales\/#breadcrumb\"},\"inLanguage\":\"es\",\"potentialAction\":[{\"@type\":\"ReadAction\",\"target\":[\"https:\/\/aparthotelsalburua.com\/es\/consentimiento-para-el-tratamiento-de-datos-personales\/\"]}]},{\"@type\":\"BreadcrumbList\",\"@id\":\"https:\/\/aparthotelsalburua.com\/es\/consentimiento-para-el-tratamiento-de-datos-personales\/#breadcrumb\",\"itemListElement\":[{\"@type\":\"ListItem\",\"position\":1,\"name\":\"Portada\",\"item\":\"https:\/\/aparthotelsalburua.com\/es\/\"},{\"@type\":\"ListItem\",\"position\":2,\"name\":\"Consentimiento para el tratamiento de datos personales\"}]},{\"@type\":\"WebSite\",\"@id\":\"https:\/\/aparthotelsalburua.com\/es\/#website\",\"url\":\"https:\/\/aparthotelsalburua.com\/es\/\",\"name\":\"Apartahotel Salburua\",\"description\":\"Apartahotel Salburua en Vitoria Gasteiz\",\"publisher\":{\"@id\":\"https:\/\/aparthotelsalburua.com\/es\/#organization\"},\"potentialAction\":[{\"@type\":\"SearchAction\",\"target\":{\"@type\":\"EntryPoint\",\"urlTemplate\":\"https:\/\/aparthotelsalburua.com\/es\/?s={search_term_string}\"},\"query-input\":{\"@type\":\"PropertyValueSpecification\",\"valueRequired\":true,\"valueName\":\"search_term_string\"}}],\"inLanguage\":\"es\"},{\"@type\":\"Organization\",\"@id\":\"https:\/\/aparthotelsalburua.com\/es\/#organization\",\"name\":\"Apartahotel Salburua\",\"url\":\"https:\/\/aparthotelsalburua.com\/es\/\",\"logo\":{\"@type\":\"ImageObject\",\"inLanguage\":\"es\",\"@id\":\"https:\/\/aparthotelsalburua.com\/es\/#\/schema\/logo\/image\/\",\"url\":\"https:\/\/aparthotelsalburua.com\/wp-content\/uploads\/2022\/11\/cropped-logo_aparthotelsalburua.png\",\"contentUrl\":\"https:\/\/aparthotelsalburua.com\/wp-content\/uploads\/2022\/11\/cropped-logo_aparthotelsalburua.png\",\"width\":194,\"height\":63,\"caption\":\"Apartahotel Salburua\"},\"image\":{\"@id\":\"https:\/\/aparthotelsalburua.com\/es\/#\/schema\/logo\/image\/\"}}]}<\/script>\n<!-- \/ Yoast SEO plugin. -->","yoast_head_json":{"title":"Consentimiento para el tratamiento de datos personales - Apartahotel Salburua","robots":{"index":"noindex","follow":"nofollow"},"og_locale":"es_ES","og_type":"article","og_title":"Consentimiento para el tratamiento de datos personales - Apartahotel Salburua","og_description":"[vc_row el_class=&#8221;bg-gris-claro&#8221;][vc_column][vc_row_inner][vc_column_inner][vc_column_text] CONSENTIMIENTO PARA EL TRATAMIENTO DE DATOS PERSONALES DERIVADOS DE LA MECANIZACION SL es el Responsable del tratamiento de los datos personales del Usuario y le informa de que estos datos se tratara\u0301n de conformidad con lo dispuesto en el Reglamento (UE) 2016\/679, de 27 de abril (GDPR), y la Ley Orga\u0301nica 3\/2018, de...","og_url":"https:\/\/aparthotelsalburua.com\/es\/consentimiento-para-el-tratamiento-de-datos-personales\/","og_site_name":"Apartahotel Salburua","article_modified_time":"2024-10-11T11:48:36+00:00","twitter_card":"summary_large_image","twitter_misc":{"Tiempo de lectura":"3 minutos"},"schema":{"@context":"https:\/\/schema.org","@graph":[{"@type":"WebPage","@id":"https:\/\/aparthotelsalburua.com\/es\/consentimiento-para-el-tratamiento-de-datos-personales\/","url":"https:\/\/aparthotelsalburua.com\/es\/consentimiento-para-el-tratamiento-de-datos-personales\/","name":"Consentimiento para el tratamiento de datos personales - Apartahotel Salburua","isPartOf":{"@id":"https:\/\/aparthotelsalburua.com\/es\/#website"},"datePublished":"2022-11-11T08:32:20+00:00","dateModified":"2024-10-11T11:48:36+00:00","breadcrumb":{"@id":"https:\/\/aparthotelsalburua.com\/es\/consentimiento-para-el-tratamiento-de-datos-personales\/#breadcrumb"},"inLanguage":"es","potentialAction":[{"@type":"ReadAction","target":["https:\/\/aparthotelsalburua.com\/es\/consentimiento-para-el-tratamiento-de-datos-personales\/"]}]},{"@type":"BreadcrumbList","@id":"https:\/\/aparthotelsalburua.com\/es\/consentimiento-para-el-tratamiento-de-datos-personales\/#breadcrumb","itemListElement":[{"@type":"ListItem","position":1,"name":"Portada","item":"https:\/\/aparthotelsalburua.com\/es\/"},{"@type":"ListItem","position":2,"name":"Consentimiento para el tratamiento de datos personales"}]},{"@type":"WebSite","@id":"https:\/\/aparthotelsalburua.com\/es\/#website","url":"https:\/\/aparthotelsalburua.com\/es\/","name":"Apartahotel Salburua","description":"Apartahotel Salburua en Vitoria Gasteiz","publisher":{"@id":"https:\/\/aparthotelsalburua.com\/es\/#organization"},"potentialAction":[{"@type":"SearchAction","target":{"@type":"EntryPoint","urlTemplate":"https:\/\/aparthotelsalburua.com\/es\/?s={search_term_string}"},"query-input":{"@type":"PropertyValueSpecification","valueRequired":true,"valueName":"search_term_string"}}],"inLanguage":"es"},{"@type":"Organization","@id":"https:\/\/aparthotelsalburua.com\/es\/#organization","name":"Apartahotel Salburua","url":"https:\/\/aparthotelsalburua.com\/es\/","logo":{"@type":"ImageObject","inLanguage":"es","@id":"https:\/\/aparthotelsalburua.com\/es\/#\/schema\/logo\/image\/","url":"https:\/\/aparthotelsalburua.com\/wp-content\/uploads\/2022\/11\/cropped-logo_aparthotelsalburua.png","contentUrl":"https:\/\/aparthotelsalburua.com\/wp-content\/uploads\/2022\/11\/cropped-logo_aparthotelsalburua.png","width":194,"height":63,"caption":"Apartahotel Salburua"},"image":{"@id":"https:\/\/aparthotelsalburua.com\/es\/#\/schema\/logo\/image\/"}}]}},"_links":{"self":[{"href":"https:\/\/aparthotelsalburua.com\/es\/wp-json\/wp\/v2\/pages\/2546","targetHints":{"allow":["GET"]}}],"collection":[{"href":"https:\/\/aparthotelsalburua.com\/es\/wp-json\/wp\/v2\/pages"}],"about":[{"href":"https:\/\/aparthotelsalburua.com\/es\/wp-json\/wp\/v2\/types\/page"}],"author":[{"embeddable":true,"href":"https:\/\/aparthotelsalburua.com\/es\/wp-json\/wp\/v2\/users\/1"}],"replies":[{"embeddable":true,"href":"https:\/\/aparthotelsalburua.com\/es\/wp-json\/wp\/v2\/comments?post=2546"}],"version-history":[{"count":4,"href":"https:\/\/aparthotelsalburua.com\/es\/wp-json\/wp\/v2\/pages\/2546\/revisions"}],"predecessor-version":[{"id":3381,"href":"https:\/\/aparthotelsalburua.com\/es\/wp-json\/wp\/v2\/pages\/2546\/revisions\/3381"}],"wp:attachment":[{"href":"https:\/\/aparthotelsalburua.com\/es\/wp-json\/wp\/v2\/media?parent=2546"}],"curies":[{"name":"wp","href":"https:\/\/api.w.org\/{rel}","templated":true}]}}