{"id":2771,"date":"2022-11-29T18:15:03","date_gmt":"2022-11-29T18:15:03","guid":{"rendered":"https:\/\/2022.aparthotelsalburua.com\/?page_id=2771"},"modified":"2025-09-08T16:17:25","modified_gmt":"2025-09-08T16:17:25","slug":"apartamento-tres-dormitorios-vitoria","status":"publish","type":"page","link":"https:\/\/aparthotelsalburua.com\/es\/apartamento-tres-dormitorios-vitoria\/","title":{"rendered":"Apartamento 3 habitaciones"},"content":{"rendered":"<div class=\"wpb-content-wrapper\"><p>[vc_row el_class=&#8221;bg-gris-claro&#8221;][vc_column width=&#8221;1\/4&#8243;][\/vc_column][vc_column width=&#8221;1\/2&#8243; el_id=&#8221;apartamentos-titulo&#8221; css=&#8221;.vc_custom_1700160056414{padding-bottom: 40px !important;}&#8221;][vc_column_text el_class=&#8221;pd-lr-xs-30 text-gris f-pt-sans-3&#8243;]<\/p>\n<h2 class=\"text-vison mb-0\" style=\"text-align: center;\">APARTAMENTO PREMIUM<\/h2>\n<p>[\/vc_column_text][vc_column_text el_class=&#8221;pd-lr-xs-30 text-gris mt-10-xs&#8221;]<\/p>\n<p class=\"text-vison mb-0\" style=\"text-align: center;\">3 habitaciones<\/p>\n<p>[\/vc_column_text][\/vc_column][vc_column width=&#8221;1\/4&#8243;][\/vc_column][\/vc_row][vc_row cth_layout=&#8221;row_sec&#8221; css=&#8221;.vc_custom_1699898427793{margin-top: -30px !important;padding-bottom: 50px !important;background-color: #ffffff !important;}&#8221; el_id=&#8221;datos-habitacion&#8221;][vc_column width=&#8221;1\/2&#8243;][vc_row_inner css=&#8221;.vc_custom_1670947539780{margin-bottom: 30px !important;}&#8221; el_id=&#8221;carrusel-habitacion&#8221;][vc_column_inner][vc_images_carousel images=&#8221;2971,2973,2975,2977,2979,2981,2983,2985,2987,2989&#8243; img_size=&#8221;550&#215;367&#8243; onclick=&#8221;link_no&#8221; autoplay=&#8221;yes&#8221; hide_pagination_control=&#8221;yes&#8221; wrap=&#8221;yes&#8221;][\/vc_column_inner][\/vc_row_inner][vc_empty_space height=&#8221;20px&#8221;][\/vc_column][vc_column width=&#8221;1\/2&#8243; el_class=&#8221;lista-iconos&#8221;][vc_column_text css=&#8221;.vc_custom_1700160252519{padding-bottom: 20px !important;}&#8221;]<span style=\"color: #808080;\">Apartamento con 3 dormitorios, espacio abierto cocina-sal\u00f3n, dos cuartos de ba\u00f1o con ducha y terraza. Dispone de TV en la habitaci\u00f3n y en el sal\u00f3n, un escritorio y grandes armarios.<\/span>[\/vc_column_text][vc_empty_space height=&#8221;10px&#8221;][vc_row_inner el_class=&#8221;item-icono&#8221;][vc_column_inner width=&#8221;1\/2&#8243;]<div class=\"uavc-list-icon uavc-list-icon-wrapper ult-adjust-bottom-margin   \"><ul class=\"uavc-list\"><li><div class=\"uavc-list-content\" id=\"list-icon-wrap-8812\">\n<div class=\"uavc-list-icon icon-servicio \" data-animation=\"\" data-animation-delay=\"03\" style=\"margin-right:5px;\"><div class=\"ult-just-icon-wrapper  \"><div class=\"align-icon\" style=\"text-align:center;\">\n<div class=\"aio-icon-img \" style=\"font-size:32px;display:inline-block;\" >\n\t<img decoding=\"async\" class=\"img-icon\" alt=\"null\" src=\"https:\/\/aparthotelsalburua.com\/wp-content\/uploads\/2022\/12\/003-capture-1.png\"\/>\n<\/div><\/div><\/div>\n<\/div><span  data-ultimate-target='#list-icon-wrap-8812 .uavc-list-desc'  data-responsive-json-new='{\"font-size\":\"\",\"line-height\":\"\"}'  class=\"uavc-list-desc ult-responsive\" style=\"color:#7b8635;\">70 m2<\/span><\/div><\/li><li><div class=\"uavc-list-content\" id=\"list-icon-wrap-1500\">\n<div class=\"uavc-list-icon icon-servicio \" data-animation=\"\" data-animation-delay=\"03\" style=\"margin-right:5px;\"><div class=\"ult-just-icon-wrapper  \"><div class=\"align-icon\" style=\"text-align:center;\">\n<div class=\"aio-icon-img \" style=\"font-size:32px;display:inline-block;\" >\n\t<img decoding=\"async\" class=\"img-icon\" alt=\"null\" src=\"https:\/\/aparthotelsalburua.com\/wp-content\/uploads\/2022\/12\/001-users-1.png\"\/>\n<\/div><\/div><\/div>\n<\/div><span  data-ultimate-target='#list-icon-wrap-1500 .uavc-list-desc'  data-responsive-json-new='{\"font-size\":\"\",\"line-height\":\"\"}'  class=\"uavc-list-desc ult-responsive\" style=\"color:#7b8635;\">1-7 personas<\/span><\/div><\/li><li><div class=\"uavc-list-content\" id=\"list-icon-wrap-8935\">\n<div class=\"uavc-list-icon icon-servicio \" data-animation=\"\" data-animation-delay=\"03\" style=\"margin-right:5px;\"><div class=\"ult-just-icon-wrapper  \"><div class=\"align-icon\" style=\"text-align:center;\">\n<div class=\"aio-icon-img \" style=\"font-size:32px;display:inline-block;\" >\n\t<img decoding=\"async\" class=\"img-icon\" alt=\"null\" src=\"https:\/\/aparthotelsalburua.com\/wp-content\/uploads\/2022\/12\/002-shower-1.png\"\/>\n<\/div><\/div><\/div>\n<\/div><span  data-ultimate-target='#list-icon-wrap-8935 .uavc-list-desc'  data-responsive-json-new='{\"font-size\":\"\",\"line-height\":\"\"}'  class=\"uavc-list-desc ult-responsive\" style=\"color:#7b8635;\">2 ba\u00f1os<\/span><\/div><\/li><li><div class=\"uavc-list-content\" id=\"list-icon-wrap-2653\">\n<div class=\"uavc-list-icon icon-servicio \" data-animation=\"\" data-animation-delay=\"03\" style=\"margin-right:5px;\"><div class=\"ult-just-icon-wrapper  \"><div class=\"align-icon\" style=\"text-align:center;\">\n<div class=\"aio-icon-img \" style=\"font-size:32px;display:inline-block;\" >\n\t<img decoding=\"async\" class=\"img-icon\" alt=\"null\" src=\"https:\/\/aparthotelsalburua.com\/wp-content\/uploads\/2022\/12\/004-balcony-1.png\"\/>\n<\/div><\/div><\/div>\n<\/div><span  data-ultimate-target='#list-icon-wrap-2653 .uavc-list-desc'  data-responsive-json-new='{\"font-size\":\"\",\"line-height\":\"\"}'  class=\"uavc-list-desc ult-responsive\" style=\"color:#7b8635;\">Terraza<\/span><\/div><\/li><\/ul><\/div>[\/vc_column_inner][vc_column_inner width=&#8221;1\/2&#8243;]<div class=\"uavc-list-icon uavc-list-icon-wrapper ult-adjust-bottom-margin   \"><ul class=\"uavc-list\"><li><div class=\"uavc-list-content\" id=\"list-icon-wrap-5137\">\n<div class=\"uavc-list-icon icon-servicio \" data-animation=\"\" data-animation-delay=\"03\" style=\"margin-right:5px;\"><div class=\"ult-just-icon-wrapper  \"><div class=\"align-icon\" style=\"text-align:center;\">\n<div class=\"aio-icon-img \" style=\"font-size:32px;display:inline-block;\" >\n\t<img decoding=\"async\" class=\"img-icon\" alt=\"null\" src=\"https:\/\/aparthotelsalburua.com\/wp-content\/uploads\/2022\/12\/005-single-bed-1.png\"\/>\n<\/div><\/div><\/div>\n<\/div><span  data-ultimate-target='#list-icon-wrap-5137 .uavc-list-desc'  data-responsive-json-new='{\"font-size\":\"\",\"line-height\":\"\"}'  class=\"uavc-list-desc ult-responsive\" style=\"color:#7b8635;\"><\/p>\n<div>Hab. 1 &#8211; 2 camas 1,05m<\/div>\n<p><\/span><\/div><\/li><li><div class=\"uavc-list-content\" id=\"list-icon-wrap-7614\">\n<div class=\"uavc-list-icon icon-servicio \" data-animation=\"\" data-animation-delay=\"03\" style=\"margin-right:5px;\"><div class=\"ult-just-icon-wrapper  \"><div class=\"align-icon\" style=\"text-align:center;\">\n<div class=\"aio-icon-img \" style=\"font-size:32px;display:inline-block;\" >\n\t<img decoding=\"async\" class=\"img-icon\" alt=\"null\" src=\"https:\/\/aparthotelsalburua.com\/wp-content\/uploads\/2022\/12\/005-single-bed-1.png\"\/>\n<\/div><\/div><\/div>\n<\/div><span  data-ultimate-target='#list-icon-wrap-7614 .uavc-list-desc'  data-responsive-json-new='{\"font-size\":\"\",\"line-height\":\"\"}'  class=\"uavc-list-desc ult-responsive\" style=\"color:#7b8635;\"><\/p>\n<div>Hab. 2 &#8211; 2 camas 1,05m<\/div>\n<p><\/span><\/div><\/li><li><div class=\"uavc-list-content\" id=\"list-icon-wrap-5377\">\n<div class=\"uavc-list-icon icon-servicio \" data-animation=\"\" data-animation-delay=\"03\" style=\"margin-right:5px;\"><div class=\"ult-just-icon-wrapper  \"><div class=\"align-icon\" style=\"text-align:center;\">\n<div class=\"aio-icon-img \" style=\"font-size:32px;display:inline-block;\" >\n\t<img decoding=\"async\" class=\"img-icon\" alt=\"null\" src=\"https:\/\/aparthotelsalburua.com\/wp-content\/uploads\/2022\/12\/005-single-bed-1.png\"\/>\n<\/div><\/div><\/div>\n<\/div><span  data-ultimate-target='#list-icon-wrap-5377 .uavc-list-desc'  data-responsive-json-new='{\"font-size\":\"\",\"line-height\":\"\"}'  class=\"uavc-list-desc ult-responsive\" style=\"color:#7b8635;\"><\/p>\n<div>Hab. 3 &#8211; 1 cama 1,05m<\/div>\n<p><\/span><\/div><\/li><li><div class=\"uavc-list-content\" id=\"list-icon-wrap-5039\">\n<div class=\"uavc-list-icon icon-servicio \" data-animation=\"\" data-animation-delay=\"03\" style=\"margin-right:5px;\"><div class=\"ult-just-icon-wrapper  \"><div class=\"align-icon\" style=\"text-align:center;\">\n<div class=\"aio-icon-img \" style=\"font-size:32px;display:inline-block;\" >\n\t<img decoding=\"async\" class=\"img-icon\" alt=\"null\" src=\"https:\/\/aparthotelsalburua.com\/wp-content\/uploads\/2022\/12\/007-sofa-1.png\"\/>\n<\/div><\/div><\/div>\n<\/div><span  data-ultimate-target='#list-icon-wrap-5039 .uavc-list-desc'  data-responsive-json-new='{\"font-size\":\"\",\"line-height\":\"\"}'  class=\"uavc-list-desc ult-responsive\" style=\"color:#7b8635;\"><\/p>\n<div>Sof\u00e1 cama<\/div>\n<p><\/span><\/div><\/li><\/ul><\/div>[\/vc_column_inner][\/vc_row_inner][vc_empty_space height=&#8221;10px&#8221;][vc_btn title=&#8221;RESERVAR&#8221; style=&#8221;outline&#8221; shape=&#8221;square&#8221; color=&#8221;black&#8221; align=&#8221;left&#8221; css=&#8221;&#8221; el_class=&#8221;btn-verde-reves plr-32&#8243; link=&#8221;url:https%3A%2F%2Faparthotelsalburua.com%2Fbookingstep1.html%3Fidtokenprovider%3D100378350%26lang%3Des%40currency%3DEUR&#8221;][\/vc_column][\/vc_row][vc_row css=&#8221;.vc_custom_1700052903452{padding-top: 40px !important;}&#8221;][vc_column width=&#8221;1\/4&#8243;][\/vc_column][vc_column width=&#8221;1\/2&#8243;][vc_column_text el_class=&#8221;pd-lr-xs-30 text-gris f-pt-sans-3&#8243;]<\/p>\n<h2 class=\"text-vison mb-0\" style=\"text-align: center;\">TODAS LAS COMODIDADES<\/h2>\n<p>[\/vc_column_text][\/vc_column][vc_column width=&#8221;1\/4&#8243;][\/vc_column][\/vc_row][vc_row cth_layout=&#8221;row_sec&#8221; css=&#8221;.vc_custom_1700052470190{padding-bottom: 40px !important;}&#8221; el_id=&#8221;iconos-home&#8221;][vc_column width=&#8221;1\/4&#8243;][vc_row_inner][vc_column_inner el_class=&#8221;movil_50&#8243; width=&#8221;1\/2&#8243;][vc_single_image image=&#8221;2704&#8243; alignment=&#8221;center&#8221;][vc_column_text]<\/p>\n<p style=\"text-align: center;\">Wifi privado en cada apto.<\/p>\n<p>[\/vc_column_text][\/vc_column_inner][vc_column_inner el_class=&#8221;movil_50&#8243; width=&#8221;1\/2&#8243;][vc_single_image image=&#8221;3513&#8243; alignment=&#8221;center&#8221;][vc_column_text]<\/p>\n<p style=\"text-align: center;\">Cocina equipada<\/p>\n<p>[\/vc_column_text][\/vc_column_inner][\/vc_row_inner][\/vc_column][vc_column width=&#8221;1\/4&#8243;][vc_row_inner][vc_column_inner el_class=&#8221;movil_50&#8243; width=&#8221;1\/2&#8243;][vc_single_image image=&#8221;3511&#8243; alignment=&#8221;center&#8221;][vc_column_text]<\/p>\n<p style=\"text-align: center;\">TV<\/p>\n<p>[\/vc_column_text][\/vc_column_inner][vc_column_inner el_class=&#8221;movil_50&#8243; width=&#8221;1\/2&#8243;][vc_single_image image=&#8221;3507&#8243; alignment=&#8221;center&#8221;][vc_column_text]<\/p>\n<p style=\"text-align: center;\">Escritorio<\/p>\n<p>[\/vc_column_text][\/vc_column_inner][\/vc_row_inner][\/vc_column][vc_column width=&#8221;1\/4&#8243;][vc_row_inner][vc_column_inner el_class=&#8221;movil_50&#8243; width=&#8221;1\/2&#8243;][vc_single_image image=&#8221;3515&#8243; alignment=&#8221;center&#8221;][vc_column_text]<\/p>\n<p style=\"text-align: center;\">Zona lavander\u00eda<\/p>\n<p>[\/vc_column_text][\/vc_column_inner][vc_column_inner el_class=&#8221;movil_50&#8243; width=&#8221;1\/2&#8243;][vc_single_image image=&#8221;3519&#8243; alignment=&#8221;center&#8221;][vc_column_text]<\/p>\n<p style=\"text-align: center;\">Limpieza semanal<\/p>\n<p>[\/vc_column_text][\/vc_column_inner][\/vc_row_inner][\/vc_column][vc_column width=&#8221;1\/4&#8243;][vc_row_inner][vc_column_inner el_class=&#8221;movil_50&#8243; width=&#8221;1\/2&#8243;][vc_single_image image=&#8221;3509&#8243; alignment=&#8221;center&#8221;][vc_column_text]<\/p>\n<p style=\"text-align: center;\">Secador<\/p>\n<p>[\/vc_column_text][\/vc_column_inner][vc_column_inner el_class=&#8221;movil_50&#8243; width=&#8221;1\/2&#8243;][vc_column_text css=&#8221;&#8221;][\/vc_column_text][\/vc_column_inner][\/vc_row_inner][\/vc_column][\/vc_row][vc_row cth_layout=&#8221;row_sec&#8221; css=&#8221;.vc_custom_1670947062715{background-color: #a8c06f !important;}&#8221; el_class=&#8221;section-sin-borde&#8221; el_id=&#8221;reservas_precio&#8221;][vc_column width=&#8221;1\/2&#8243;][vc_column_text css=&#8221;.vc_custom_1671132418619{padding-top: 10px !important;}&#8221; el_id=&#8221;reservas_call&#8221;]<\/p>\n<p class=\"text-bco\">RESERVA AL MEJOR PRECIO A TRAV\u00c9S DE NUESTRA WEB<\/p>\n<p>[\/vc_column_text][\/vc_column][vc_column width=&#8221;1\/2&#8243;][vc_btn title=&#8221;RESERVAR&#8221; style=&#8221;outline&#8221; shape=&#8221;square&#8221; color=&#8221;black&#8221; align=&#8221;right&#8221; css=&#8221;.vc_custom_1693984003639{margin-bottom: 0px !important;}&#8221; el_class=&#8221;btn-bco&#8221; link=&#8221;url:https%3A%2F%2Faparthotelsalburua.com%2Fbookingstep1.html%3Fidtokenprovider%3D100378350%26lang%3Des%40currency%3DEUR|||&#8221;][\/vc_column][\/vc_row]<\/p>\n<\/div>","protected":false},"excerpt":{"rendered":"<p>[vc_row el_class=&#8221;bg-gris-claro&#8221;][vc_column width=&#8221;1\/4&#8243;][\/vc_column][vc_column width=&#8221;1\/2&#8243; el_id=&#8221;apartamentos-titulo&#8221; css=&#8221;.vc_custom_1700160056414{padding-bottom: 40px !important;}&#8221;][vc_column_text el_class=&#8221;pd-lr-xs-30 text-gris f-pt-sans-3&#8243;] APARTAMENTO PREMIUM [\/vc_column_text][vc_column_text el_class=&#8221;pd-lr-xs-30 text-gris mt-10-xs&#8221;] 3 habitaciones [\/vc_column_text][\/vc_column][vc_column width=&#8221;1\/4&#8243;][\/vc_column][\/vc_row][vc_row cth_layout=&#8221;row_sec&#8221; css=&#8221;.vc_custom_1699898427793{margin-top: -30px !important;padding-bottom: 50px !important;background-color: #ffffff !important;}&#8221; el_id=&#8221;datos-habitacion&#8221;][vc_column width=&#8221;1\/2&#8243;][vc_row_inner css=&#8221;.vc_custom_1670947539780{margin-bottom: 30px !important;}&#8221; el_id=&#8221;carrusel-habitacion&#8221;][vc_column_inner][vc_images_carousel images=&#8221;2971,2973,2975,2977,2979,2981,2983,2985,2987,2989&#8243; img_size=&#8221;550&#215;367&#8243; onclick=&#8221;link_no&#8221; autoplay=&#8221;yes&#8221; hide_pagination_control=&#8221;yes&#8221; wrap=&#8221;yes&#8221;][\/vc_column_inner][\/vc_row_inner][vc_empty_space height=&#8221;20px&#8221;][\/vc_column][vc_column width=&#8221;1\/2&#8243; el_class=&#8221;lista-iconos&#8221;][vc_column_text css=&#8221;.vc_custom_1700160252519{padding-bottom: 20px !important;}&#8221;]Apartamento con 3 dormitorios, espacio abierto cocina-sal\u00f3n, dos cuartos&#8230;<\/p>\n","protected":false},"author":1,"featured_media":0,"parent":0,"menu_order":0,"comment_status":"open","ping_status":"open","template":"plantilla_au.php","meta":{"footnotes":""},"class_list":["post-2771","page","type-page","status-publish","hentry"],"yoast_head":"<!-- This site is optimized with the Yoast SEO plugin v27.2 - https:\/\/yoast.com\/product\/yoast-seo-wordpress\/ -->\n<title>Apartamento 3 habitaciones | Apartahotel Salburua<\/title>\n<meta name=\"description\" content=\"Apartamento de 3 habitaciones, amplio y luminoso en Vitoria-Gasteiz. Totalmente equipado con grandes armarios, sof\u00e1 cama, escritorio y terraza.\" \/>\n<meta name=\"robots\" content=\"index, follow, max-snippet:-1, max-image-preview:large, max-video-preview:-1\" \/>\n<link rel=\"canonical\" href=\"https:\/\/aparthotelsalburua.com\/es\/apartamento-tres-dormitorios-vitoria\/\" \/>\n<meta property=\"og:locale\" content=\"es_ES\" \/>\n<meta property=\"og:type\" content=\"article\" \/>\n<meta property=\"og:title\" content=\"Apartamento 3 habitaciones | Apartahotel Salburua\" \/>\n<meta property=\"og:description\" content=\"Apartamento de 3 habitaciones, amplio y luminoso en Vitoria-Gasteiz. Totalmente equipado con grandes armarios, sof\u00e1 cama, escritorio y terraza.\" \/>\n<meta property=\"og:url\" content=\"https:\/\/aparthotelsalburua.com\/es\/apartamento-tres-dormitorios-vitoria\/\" \/>\n<meta property=\"og:site_name\" content=\"Apartahotel Salburua\" \/>\n<meta property=\"article:modified_time\" content=\"2025-09-08T16:17:25+00:00\" \/>\n<meta name=\"twitter:card\" content=\"summary_large_image\" \/>\n<meta name=\"twitter:label1\" content=\"Tiempo de lectura\" \/>\n\t<meta name=\"twitter:data1\" content=\"2 minutos\" \/>\n<script type=\"application\/ld+json\" class=\"yoast-schema-graph\">{\"@context\":\"https:\/\/schema.org\",\"@graph\":[{\"@type\":\"WebPage\",\"@id\":\"https:\/\/aparthotelsalburua.com\/es\/apartamento-tres-dormitorios-vitoria\/\",\"url\":\"https:\/\/aparthotelsalburua.com\/es\/apartamento-tres-dormitorios-vitoria\/\",\"name\":\"Apartamento 3 habitaciones | Apartahotel Salburua\",\"isPartOf\":{\"@id\":\"https:\/\/aparthotelsalburua.com\/es\/#website\"},\"datePublished\":\"2022-11-29T18:15:03+00:00\",\"dateModified\":\"2025-09-08T16:17:25+00:00\",\"description\":\"Apartamento de 3 habitaciones, amplio y luminoso en Vitoria-Gasteiz. Totalmente equipado con grandes armarios, sof\u00e1 cama, escritorio y terraza.\",\"breadcrumb\":{\"@id\":\"https:\/\/aparthotelsalburua.com\/es\/apartamento-tres-dormitorios-vitoria\/#breadcrumb\"},\"inLanguage\":\"es\",\"potentialAction\":[{\"@type\":\"ReadAction\",\"target\":[\"https:\/\/aparthotelsalburua.com\/es\/apartamento-tres-dormitorios-vitoria\/\"]}]},{\"@type\":\"BreadcrumbList\",\"@id\":\"https:\/\/aparthotelsalburua.com\/es\/apartamento-tres-dormitorios-vitoria\/#breadcrumb\",\"itemListElement\":[{\"@type\":\"ListItem\",\"position\":1,\"name\":\"Portada\",\"item\":\"https:\/\/aparthotelsalburua.com\/es\/\"},{\"@type\":\"ListItem\",\"position\":2,\"name\":\"Apartamento 3 habitaciones\"}]},{\"@type\":\"WebSite\",\"@id\":\"https:\/\/aparthotelsalburua.com\/es\/#website\",\"url\":\"https:\/\/aparthotelsalburua.com\/es\/\",\"name\":\"Apartahotel Salburua\",\"description\":\"Apartahotel Salburua en Vitoria Gasteiz\",\"publisher\":{\"@id\":\"https:\/\/aparthotelsalburua.com\/es\/#organization\"},\"potentialAction\":[{\"@type\":\"SearchAction\",\"target\":{\"@type\":\"EntryPoint\",\"urlTemplate\":\"https:\/\/aparthotelsalburua.com\/es\/?s={search_term_string}\"},\"query-input\":{\"@type\":\"PropertyValueSpecification\",\"valueRequired\":true,\"valueName\":\"search_term_string\"}}],\"inLanguage\":\"es\"},{\"@type\":\"Organization\",\"@id\":\"https:\/\/aparthotelsalburua.com\/es\/#organization\",\"name\":\"Apartahotel Salburua\",\"url\":\"https:\/\/aparthotelsalburua.com\/es\/\",\"logo\":{\"@type\":\"ImageObject\",\"inLanguage\":\"es\",\"@id\":\"https:\/\/aparthotelsalburua.com\/es\/#\/schema\/logo\/image\/\",\"url\":\"https:\/\/aparthotelsalburua.com\/wp-content\/uploads\/2022\/11\/cropped-logo_aparthotelsalburua.png\",\"contentUrl\":\"https:\/\/aparthotelsalburua.com\/wp-content\/uploads\/2022\/11\/cropped-logo_aparthotelsalburua.png\",\"width\":194,\"height\":63,\"caption\":\"Apartahotel Salburua\"},\"image\":{\"@id\":\"https:\/\/aparthotelsalburua.com\/es\/#\/schema\/logo\/image\/\"}}]}<\/script>\n<!-- \/ Yoast SEO plugin. -->","yoast_head_json":{"title":"Apartamento 3 habitaciones | Apartahotel Salburua","description":"Apartamento de 3 habitaciones, amplio y luminoso en Vitoria-Gasteiz. Totalmente equipado con grandes armarios, sof\u00e1 cama, escritorio y terraza.","robots":{"index":"index","follow":"follow","max-snippet":"max-snippet:-1","max-image-preview":"max-image-preview:large","max-video-preview":"max-video-preview:-1"},"canonical":"https:\/\/aparthotelsalburua.com\/es\/apartamento-tres-dormitorios-vitoria\/","og_locale":"es_ES","og_type":"article","og_title":"Apartamento 3 habitaciones | Apartahotel Salburua","og_description":"Apartamento de 3 habitaciones, amplio y luminoso en Vitoria-Gasteiz. Totalmente equipado con grandes armarios, sof\u00e1 cama, escritorio y terraza.","og_url":"https:\/\/aparthotelsalburua.com\/es\/apartamento-tres-dormitorios-vitoria\/","og_site_name":"Apartahotel Salburua","article_modified_time":"2025-09-08T16:17:25+00:00","twitter_card":"summary_large_image","twitter_misc":{"Tiempo de lectura":"2 minutos"},"schema":{"@context":"https:\/\/schema.org","@graph":[{"@type":"WebPage","@id":"https:\/\/aparthotelsalburua.com\/es\/apartamento-tres-dormitorios-vitoria\/","url":"https:\/\/aparthotelsalburua.com\/es\/apartamento-tres-dormitorios-vitoria\/","name":"Apartamento 3 habitaciones | Apartahotel Salburua","isPartOf":{"@id":"https:\/\/aparthotelsalburua.com\/es\/#website"},"datePublished":"2022-11-29T18:15:03+00:00","dateModified":"2025-09-08T16:17:25+00:00","description":"Apartamento de 3 habitaciones, amplio y luminoso en Vitoria-Gasteiz. Totalmente equipado con grandes armarios, sof\u00e1 cama, escritorio y terraza.","breadcrumb":{"@id":"https:\/\/aparthotelsalburua.com\/es\/apartamento-tres-dormitorios-vitoria\/#breadcrumb"},"inLanguage":"es","potentialAction":[{"@type":"ReadAction","target":["https:\/\/aparthotelsalburua.com\/es\/apartamento-tres-dormitorios-vitoria\/"]}]},{"@type":"BreadcrumbList","@id":"https:\/\/aparthotelsalburua.com\/es\/apartamento-tres-dormitorios-vitoria\/#breadcrumb","itemListElement":[{"@type":"ListItem","position":1,"name":"Portada","item":"https:\/\/aparthotelsalburua.com\/es\/"},{"@type":"ListItem","position":2,"name":"Apartamento 3 habitaciones"}]},{"@type":"WebSite","@id":"https:\/\/aparthotelsalburua.com\/es\/#website","url":"https:\/\/aparthotelsalburua.com\/es\/","name":"Apartahotel Salburua","description":"Apartahotel Salburua en Vitoria Gasteiz","publisher":{"@id":"https:\/\/aparthotelsalburua.com\/es\/#organization"},"potentialAction":[{"@type":"SearchAction","target":{"@type":"EntryPoint","urlTemplate":"https:\/\/aparthotelsalburua.com\/es\/?s={search_term_string}"},"query-input":{"@type":"PropertyValueSpecification","valueRequired":true,"valueName":"search_term_string"}}],"inLanguage":"es"},{"@type":"Organization","@id":"https:\/\/aparthotelsalburua.com\/es\/#organization","name":"Apartahotel Salburua","url":"https:\/\/aparthotelsalburua.com\/es\/","logo":{"@type":"ImageObject","inLanguage":"es","@id":"https:\/\/aparthotelsalburua.com\/es\/#\/schema\/logo\/image\/","url":"https:\/\/aparthotelsalburua.com\/wp-content\/uploads\/2022\/11\/cropped-logo_aparthotelsalburua.png","contentUrl":"https:\/\/aparthotelsalburua.com\/wp-content\/uploads\/2022\/11\/cropped-logo_aparthotelsalburua.png","width":194,"height":63,"caption":"Apartahotel Salburua"},"image":{"@id":"https:\/\/aparthotelsalburua.com\/es\/#\/schema\/logo\/image\/"}}]}},"_links":{"self":[{"href":"https:\/\/aparthotelsalburua.com\/es\/wp-json\/wp\/v2\/pages\/2771","targetHints":{"allow":["GET"]}}],"collection":[{"href":"https:\/\/aparthotelsalburua.com\/es\/wp-json\/wp\/v2\/pages"}],"about":[{"href":"https:\/\/aparthotelsalburua.com\/es\/wp-json\/wp\/v2\/types\/page"}],"author":[{"embeddable":true,"href":"https:\/\/aparthotelsalburua.com\/es\/wp-json\/wp\/v2\/users\/1"}],"replies":[{"embeddable":true,"href":"https:\/\/aparthotelsalburua.com\/es\/wp-json\/wp\/v2\/comments?post=2771"}],"version-history":[{"count":47,"href":"https:\/\/aparthotelsalburua.com\/es\/wp-json\/wp\/v2\/pages\/2771\/revisions"}],"predecessor-version":[{"id":3877,"href":"https:\/\/aparthotelsalburua.com\/es\/wp-json\/wp\/v2\/pages\/2771\/revisions\/3877"}],"wp:attachment":[{"href":"https:\/\/aparthotelsalburua.com\/es\/wp-json\/wp\/v2\/media?parent=2771"}],"curies":[{"name":"wp","href":"https:\/\/api.w.org\/{rel}","templated":true}]}}