{"id":3297,"date":"2023-06-02T14:37:43","date_gmt":"2023-06-02T14:37:43","guid":{"rendered":"https:\/\/aparthotelsalburua.com\/?page_id=3297"},"modified":"2023-06-02T14:40:52","modified_gmt":"2023-06-02T14:40:52","slug":"terraza","status":"publish","type":"page","link":"https:\/\/aparthotelsalburua.com\/es\/terraza\/","title":{"rendered":"Terraza"},"content":{"rendered":"<div class=\"wpb-content-wrapper\"><p>[vc_row bg_type=&#8221;bg_color&#8221; bg_override=&#8221;full&#8221; el_class=&#8221;bg-gris-claro&#8221; bg_color_value=&#8221;#ffffff&#8221; css=&#8221;.vc_custom_1649788103310{margin-top: 50px !important;}&#8221;][vc_column][vc_column_text]<\/p>\n<h3 style=\"text-align: center;\"><strong>Cierra tu terraza<\/strong><\/h3>\n<p>[\/vc_column_text][\/vc_column][\/vc_row][vc_row css=&#8221;.vc_custom_1649787238953{background-color: #f3f4f5 !important;}&#8221;][vc_column][vc_column_text]Por tu seguridad, recuerda cerrar las puertas y ventanas de acceso a la terraza cuando vayas a abandonar tu apartamento por un tiempo.<\/p>\n<p>Las ventanas son oscilobatientes por lo que podr\u00e1s dejarlas en esa posici\u00f3n en el caso de querer ventilar la habitaci\u00f3n mientras te encuentras fuera.[\/vc_column_text][\/vc_column][\/vc_row][vc_row el_class=&#8221;bg-gris-claro&#8221;][vc_column width=&#8221;1\/3&#8243;][\/vc_column][vc_column width=&#8221;1\/3&#8243;][vc_btn title=&#8221;VOLVER&#8221; style=&#8221;outline&#8221; shape=&#8221;square&#8221; color=&#8221;black&#8221; size=&#8221;lg&#8221; link=&#8221;url:https%3A%2F%2Faparthotelsalburua.com%2Fes%2Fme-quedo-en-salburua%2F|title:Me%20quedo%20en%20nirea||&#8221;][\/vc_column][vc_column width=&#8221;1\/3&#8243;][\/vc_column][\/vc_row]<\/p>\n<\/div>","protected":false},"excerpt":{"rendered":"<p>[vc_row bg_type=&#8221;bg_color&#8221; bg_override=&#8221;full&#8221; el_class=&#8221;bg-gris-claro&#8221; bg_color_value=&#8221;#ffffff&#8221; css=&#8221;.vc_custom_1649788103310{margin-top: 50px !important;}&#8221;][vc_column][vc_column_text] Cierra tu terraza [\/vc_column_text][\/vc_column][\/vc_row][vc_row css=&#8221;.vc_custom_1649787238953{background-color: #f3f4f5 !important;}&#8221;][vc_column][vc_column_text]Por tu seguridad, recuerda cerrar las puertas y ventanas de acceso a la terraza cuando vayas a abandonar tu apartamento por un tiempo. Las ventanas son oscilobatientes por lo que podr\u00e1s dejarlas en esa posici\u00f3n en el caso de querer ventilar&#8230;<\/p>\n","protected":false},"author":2,"featured_media":0,"parent":0,"menu_order":0,"comment_status":"open","ping_status":"closed","template":"plantilla-qr.php","meta":{"footnotes":""},"class_list":["post-3297","page","type-page","status-publish","hentry"],"yoast_head":"<!-- This site is optimized with the Yoast SEO plugin v27.2 - https:\/\/yoast.com\/product\/yoast-seo-wordpress\/ -->\n<title>Terraza - Apartahotel Salburua<\/title>\n<meta name=\"robots\" content=\"index, follow, max-snippet:-1, max-image-preview:large, max-video-preview:-1\" \/>\n<link rel=\"canonical\" href=\"https:\/\/aparthotelsalburua.com\/es\/terraza\/\" \/>\n<meta property=\"og:locale\" content=\"es_ES\" \/>\n<meta property=\"og:type\" content=\"article\" \/>\n<meta property=\"og:title\" content=\"Terraza - Apartahotel Salburua\" \/>\n<meta property=\"og:description\" content=\"[vc_row bg_type=&#8221;bg_color&#8221; bg_override=&#8221;full&#8221; el_class=&#8221;bg-gris-claro&#8221; bg_color_value=&#8221;#ffffff&#8221; css=&#8221;.vc_custom_1649788103310{margin-top: 50px !important;}&#8221;][vc_column][vc_column_text] Cierra tu terraza [\/vc_column_text][\/vc_column][\/vc_row][vc_row css=&#8221;.vc_custom_1649787238953{background-color: #f3f4f5 !important;}&#8221;][vc_column][vc_column_text]Por tu seguridad, recuerda cerrar las puertas y ventanas de acceso a la terraza cuando vayas a abandonar tu apartamento por un tiempo. Las ventanas son oscilobatientes por lo que podr\u00e1s dejarlas en esa posici\u00f3n en el caso de querer ventilar...\" \/>\n<meta property=\"og:url\" content=\"https:\/\/aparthotelsalburua.com\/es\/terraza\/\" \/>\n<meta property=\"og:site_name\" content=\"Apartahotel Salburua\" \/>\n<meta property=\"article:modified_time\" content=\"2023-06-02T14:40:52+00:00\" \/>\n<meta name=\"twitter:card\" content=\"summary_large_image\" \/>\n<meta name=\"twitter:label1\" content=\"Tiempo de lectura\" \/>\n\t<meta name=\"twitter:data1\" content=\"1 minuto\" \/>\n<script type=\"application\/ld+json\" class=\"yoast-schema-graph\">{\"@context\":\"https:\/\/schema.org\",\"@graph\":[{\"@type\":\"WebPage\",\"@id\":\"https:\/\/aparthotelsalburua.com\/es\/terraza\/\",\"url\":\"https:\/\/aparthotelsalburua.com\/es\/terraza\/\",\"name\":\"Terraza - Apartahotel Salburua\",\"isPartOf\":{\"@id\":\"https:\/\/aparthotelsalburua.com\/es\/#website\"},\"datePublished\":\"2023-06-02T14:37:43+00:00\",\"dateModified\":\"2023-06-02T14:40:52+00:00\",\"breadcrumb\":{\"@id\":\"https:\/\/aparthotelsalburua.com\/es\/terraza\/#breadcrumb\"},\"inLanguage\":\"es\",\"potentialAction\":[{\"@type\":\"ReadAction\",\"target\":[\"https:\/\/aparthotelsalburua.com\/es\/terraza\/\"]}]},{\"@type\":\"BreadcrumbList\",\"@id\":\"https:\/\/aparthotelsalburua.com\/es\/terraza\/#breadcrumb\",\"itemListElement\":[{\"@type\":\"ListItem\",\"position\":1,\"name\":\"Portada\",\"item\":\"https:\/\/aparthotelsalburua.com\/es\/\"},{\"@type\":\"ListItem\",\"position\":2,\"name\":\"Terraza\"}]},{\"@type\":\"WebSite\",\"@id\":\"https:\/\/aparthotelsalburua.com\/es\/#website\",\"url\":\"https:\/\/aparthotelsalburua.com\/es\/\",\"name\":\"Apartahotel Salburua\",\"description\":\"Apartahotel Salburua en Vitoria Gasteiz\",\"publisher\":{\"@id\":\"https:\/\/aparthotelsalburua.com\/es\/#organization\"},\"potentialAction\":[{\"@type\":\"SearchAction\",\"target\":{\"@type\":\"EntryPoint\",\"urlTemplate\":\"https:\/\/aparthotelsalburua.com\/es\/?s={search_term_string}\"},\"query-input\":{\"@type\":\"PropertyValueSpecification\",\"valueRequired\":true,\"valueName\":\"search_term_string\"}}],\"inLanguage\":\"es\"},{\"@type\":\"Organization\",\"@id\":\"https:\/\/aparthotelsalburua.com\/es\/#organization\",\"name\":\"Apartahotel Salburua\",\"url\":\"https:\/\/aparthotelsalburua.com\/es\/\",\"logo\":{\"@type\":\"ImageObject\",\"inLanguage\":\"es\",\"@id\":\"https:\/\/aparthotelsalburua.com\/es\/#\/schema\/logo\/image\/\",\"url\":\"https:\/\/aparthotelsalburua.com\/wp-content\/uploads\/2022\/11\/cropped-logo_aparthotelsalburua.png\",\"contentUrl\":\"https:\/\/aparthotelsalburua.com\/wp-content\/uploads\/2022\/11\/cropped-logo_aparthotelsalburua.png\",\"width\":194,\"height\":63,\"caption\":\"Apartahotel Salburua\"},\"image\":{\"@id\":\"https:\/\/aparthotelsalburua.com\/es\/#\/schema\/logo\/image\/\"}}]}<\/script>\n<!-- \/ Yoast SEO plugin. -->","yoast_head_json":{"title":"Terraza - Apartahotel Salburua","robots":{"index":"index","follow":"follow","max-snippet":"max-snippet:-1","max-image-preview":"max-image-preview:large","max-video-preview":"max-video-preview:-1"},"canonical":"https:\/\/aparthotelsalburua.com\/es\/terraza\/","og_locale":"es_ES","og_type":"article","og_title":"Terraza - Apartahotel Salburua","og_description":"[vc_row bg_type=&#8221;bg_color&#8221; bg_override=&#8221;full&#8221; el_class=&#8221;bg-gris-claro&#8221; bg_color_value=&#8221;#ffffff&#8221; css=&#8221;.vc_custom_1649788103310{margin-top: 50px !important;}&#8221;][vc_column][vc_column_text] Cierra tu terraza [\/vc_column_text][\/vc_column][\/vc_row][vc_row css=&#8221;.vc_custom_1649787238953{background-color: #f3f4f5 !important;}&#8221;][vc_column][vc_column_text]Por tu seguridad, recuerda cerrar las puertas y ventanas de acceso a la terraza cuando vayas a abandonar tu apartamento por un tiempo. Las ventanas son oscilobatientes por lo que podr\u00e1s dejarlas en esa posici\u00f3n en el caso de querer ventilar...","og_url":"https:\/\/aparthotelsalburua.com\/es\/terraza\/","og_site_name":"Apartahotel Salburua","article_modified_time":"2023-06-02T14:40:52+00:00","twitter_card":"summary_large_image","twitter_misc":{"Tiempo de lectura":"1 minuto"},"schema":{"@context":"https:\/\/schema.org","@graph":[{"@type":"WebPage","@id":"https:\/\/aparthotelsalburua.com\/es\/terraza\/","url":"https:\/\/aparthotelsalburua.com\/es\/terraza\/","name":"Terraza - Apartahotel Salburua","isPartOf":{"@id":"https:\/\/aparthotelsalburua.com\/es\/#website"},"datePublished":"2023-06-02T14:37:43+00:00","dateModified":"2023-06-02T14:40:52+00:00","breadcrumb":{"@id":"https:\/\/aparthotelsalburua.com\/es\/terraza\/#breadcrumb"},"inLanguage":"es","potentialAction":[{"@type":"ReadAction","target":["https:\/\/aparthotelsalburua.com\/es\/terraza\/"]}]},{"@type":"BreadcrumbList","@id":"https:\/\/aparthotelsalburua.com\/es\/terraza\/#breadcrumb","itemListElement":[{"@type":"ListItem","position":1,"name":"Portada","item":"https:\/\/aparthotelsalburua.com\/es\/"},{"@type":"ListItem","position":2,"name":"Terraza"}]},{"@type":"WebSite","@id":"https:\/\/aparthotelsalburua.com\/es\/#website","url":"https:\/\/aparthotelsalburua.com\/es\/","name":"Apartahotel Salburua","description":"Apartahotel Salburua en Vitoria Gasteiz","publisher":{"@id":"https:\/\/aparthotelsalburua.com\/es\/#organization"},"potentialAction":[{"@type":"SearchAction","target":{"@type":"EntryPoint","urlTemplate":"https:\/\/aparthotelsalburua.com\/es\/?s={search_term_string}"},"query-input":{"@type":"PropertyValueSpecification","valueRequired":true,"valueName":"search_term_string"}}],"inLanguage":"es"},{"@type":"Organization","@id":"https:\/\/aparthotelsalburua.com\/es\/#organization","name":"Apartahotel Salburua","url":"https:\/\/aparthotelsalburua.com\/es\/","logo":{"@type":"ImageObject","inLanguage":"es","@id":"https:\/\/aparthotelsalburua.com\/es\/#\/schema\/logo\/image\/","url":"https:\/\/aparthotelsalburua.com\/wp-content\/uploads\/2022\/11\/cropped-logo_aparthotelsalburua.png","contentUrl":"https:\/\/aparthotelsalburua.com\/wp-content\/uploads\/2022\/11\/cropped-logo_aparthotelsalburua.png","width":194,"height":63,"caption":"Apartahotel Salburua"},"image":{"@id":"https:\/\/aparthotelsalburua.com\/es\/#\/schema\/logo\/image\/"}}]}},"_links":{"self":[{"href":"https:\/\/aparthotelsalburua.com\/es\/wp-json\/wp\/v2\/pages\/3297","targetHints":{"allow":["GET"]}}],"collection":[{"href":"https:\/\/aparthotelsalburua.com\/es\/wp-json\/wp\/v2\/pages"}],"about":[{"href":"https:\/\/aparthotelsalburua.com\/es\/wp-json\/wp\/v2\/types\/page"}],"author":[{"embeddable":true,"href":"https:\/\/aparthotelsalburua.com\/es\/wp-json\/wp\/v2\/users\/2"}],"replies":[{"embeddable":true,"href":"https:\/\/aparthotelsalburua.com\/es\/wp-json\/wp\/v2\/comments?post=3297"}],"version-history":[{"count":2,"href":"https:\/\/aparthotelsalburua.com\/es\/wp-json\/wp\/v2\/pages\/3297\/revisions"}],"predecessor-version":[{"id":3302,"href":"https:\/\/aparthotelsalburua.com\/es\/wp-json\/wp\/v2\/pages\/3297\/revisions\/3302"}],"wp:attachment":[{"href":"https:\/\/aparthotelsalburua.com\/es\/wp-json\/wp\/v2\/media?parent=3297"}],"curies":[{"name":"wp","href":"https:\/\/api.w.org\/{rel}","templated":true}]}}